{"id":1827,"date":"2023-07-04T14:55:34","date_gmt":"2023-07-04T11:55:34","guid":{"rendered":"https:\/\/eylememelarikan.com\/kvkk\/"},"modified":"2024-05-17T17:12:06","modified_gmt":"2024-05-17T14:12:06","slug":"kvkk","status":"publish","type":"page","link":"https:\/\/eylememelarikan.com\/en\/kvkk\/","title":{"rendered":"KVKK"},"content":{"rendered":"<section class=\"wpb-content-wrapper\"><p>[vc_row full_width=&#8221;stretch_row&#8221; css=&#8221;.vc_custom_1688471861692{padding-top: 20px !important;}&#8221;][vc_column][vc_column_text]Within the scope of the Constitution of the Republic of Turkey and international conventions on human rights to which our country is a party and the Law No. 6698 on the Protection of Personal Data (\u2018Law\u2019), <strong>Exp Dr. Lect. Eylem Emel Ar\u0131kan(Ceren)<\/strong> (\u2018Data Controller\u2019), who has the title of data controller within the scope of the Law No. 6698 on the Protection of Personal Data (\u2018Law\u2019) and the international conventions regarding human rights to which our country is a party, and the information on the rights and obligations of both you and the Data Controller regarding this data processing activity is given below.<\/p>\n<p><strong>I. Methods of Collection of Your Personal Data and Their Legal Reasons<\/strong><\/p>\n<p>Your personal data is collected by our Clinic through different channels while performing our activities as Data Controller in order to ensure full compliance with the legislation, our policies and the obligations undertaken. Your personal data may be processed and transferred for the purposes specified in this Clarification Text within the scope of the personal data processing conditions specified in Articles 5 and 6 of the Law and the stipulated regulations in accordance with the basic principles stipulated in the Law.<\/p>\n<p>Your personal data will be processed for specific, clear and legitimate purposes in accordance with the law and the rule of honesty, in connection with the purposes of processing, limited and measured, accurate and up-to-date.<\/p>\n<p><strong>II. Processing of Your Personal Data<\/strong><\/p>\n<p>Your personal data, <strong>Exp. Dr. Lect. Eylem Emel Ar\u0131kan(Ceren)<\/strong> may vary depending on the service, product or activity provided by <strong>Eylem Emel Ar\u0131kan(Ceren)<\/strong> ; It is collected verbally, in writing or electronically by automatic or non-automatic methods, our clinical units, website, social media channels, mobile applications, events, promotion and similar means. General and special categories of personal data may be processed for the following purposes:<\/p>\n<p>Name and surname, TR. identification number, place and date of birth, marital status, gender and other identification data,<br \/>\nAddress, telephone number, e-mail address, fax number and other contact data,<br \/>\nPersonal data obtained through e-mail, letter or other means, and digital trace data if the website is visited,<br \/>\nHealth data such as medical diagnosis and analysis results,<br \/>\nVisual data such as a person&#8217;s photo,<br \/>\nCamera footage in case of a visit to our practice,<br \/>\nThe data we obtain for diagnosis and treatment purposes,<br \/>\nIn case of a job application, other personal data, including the CV provided in this regard, and in case of being an employee or a related employee, the data required to create the personnel file, all kinds of personal data regarding the service contract and job aptitude,<br \/>\nPopulation registry sample information, criminal record record,<br \/>\nDiploma information regarding educational status,<br \/>\nFinancial data such as bank account number, IBAN number, billing information, salary and labor receivable information and payment information,<br \/>\nIn addition, your personal data may be processed if you provide us with your information via the contact and online appointment form on our website or if you visit our website.<\/p>\n<p><strong>Your personal data;<\/strong><\/p>\n<p>To fulfil all diagnosis and treatment services in the field of dermatology and medical aesthetics,<br \/>\nFulfilment of our legal obligations under the Basic Law No. 3359 on Health Services, the Decree Law No. 663 on the Organisation and Duties of the Ministry of Health and its Affiliated Institutions, the Regulation on the Processing of Personal Health Data and Ensuring Privacy and other relevant regulations,<br \/>\nProtection of public health, preventive medicine, medical diagnosis, treatment and care services,<br \/>\nCreation of patient follow-up forms,<br \/>\nKeeping protocol books,<br \/>\nMaintaining information about your health data that must be kept in accordance with the relevant legislation,<br \/>\nFollow-up of appointments,<br \/>\nRealisation of after-service services,<br \/>\nDetermining the strategies related to the field of activity of our practice,<br \/>\nInvoice issuance and follow-up of reconciliations,<br \/>\nProviding communication during the material procurement phase and post-purchase invoice controls,<br \/>\nConfirmation of your relationship with the contracted institutions,<br \/>\nSharing the requested information with private insurance companies within the scope of financing health services,<br \/>\nTaking all necessary technical and administrative measures within the scope of data security regarding the systems and applications in our practice,<\/p>\n<p>Analysing your use of health services and storing your health data in order to develop and improve the health services we provide to you,<br \/>\nConfirmation of identity,<br \/>\nManaging patient satisfaction and complaints and responding to incoming questions,<br \/>\nCarrying out studies to improve the quality of service and treatment and providing better service,<br \/>\nProviding patients with the benefits of specialised organisations in order to receive services and technology services in areas that are not in their field of expertise,<br \/>\nKeeping current accounts,<br \/>\nProcurement of services from external sources,<br \/>\nFinancial reconciliation with relevant business partners and other third parties regarding the products and services offered,<br \/>\nProviding the necessary information and approvals in line with the requests and audits of regulatory and supervisory bodies and official authorities, as well as from the authorities that will examine the applications,<br \/>\nMaintaining the information regarding the data that must be kept in accordance with the relevant legislation,<br \/>\nKeeping visitor records within the framework of ensuring building security,<br \/>\nIn terms of employees; the creation of a personal file, determining whether they are capable of fulfilling the requirements of the job on a permanent basis, private health insurance,<\/p>\n<p>In return for the work done by the employees during the month; salary calculation, SSI premiums, overtime-salary payments,<br \/>\nRegular and complete transmission of all kinds of labour receivables and compensation payments of the dismissed employee to the correct channels,<br \/>\nIt may be processed for the purpose of implementing training, organisation, travel and other transactions for employees.<br \/>\nIn addition, without being limited to these, Exp. Dr. Lect. Eylem Ar\u0131kan during and after the service, development, analysis of products and services, financial reporting and analysis, legal follow-up and similar purposes. While processing your personal data, the Data Controller takes technical and administrative measures related to the technological supports within the scope of possibility and makes periodic studies and improvements on data security and privacy.<\/p>\n<p><strong>III. Transfer of Your Personal Data<\/strong><\/p>\n<p>Your processed personal data; In accordance with the basic principles stipulated by the Law and within the personal data processing conditions and purposes specified in Articles 8 and 9 of the Law, in order to carry out our activities in accordance with the legislation and our policies, in order for our business units to carry out the necessary work in this direction, it can be shared with our employees within our clinic, in line with the purpose of the service we provide or with regulatory supervisory institutions, our suppliers, our business partners at home and abroad, and legally authorized public institutions and organizations, and may be transferred domestically and abroad in cases stipulated by the relevant legislation.<\/p>\n<p><strong>IV. Your Rights as a Data Subject under the Law<\/strong><\/p>\n<p>Pursuant to Article 11 of the Law, you have the following rights regarding your personal data;<\/p>\n<p>To learn whether your personal data is being processed,<br \/>\nRequest information if your personal data has been processed,<br \/>\nTo learn the purpose of processing your personal data and whether they are used in accordance with their purpose,<br \/>\nTo know the third parties to whom personal data are transferred domestically or abroad,<br \/>\nTo request correction of personal data in case of incomplete or incorrect processing and to request notification of the transaction made within this scope to third parties to whom personal data is transferred,<br \/>\nTo object to the emergence of a result to the detriment of the person himself\/herself by analysing the processed data exclusively through automated systems,<br \/>\nAlthough it has been processed in accordance with the provisions of the Law and other relevant laws, to request the deletion or destruction of personal data in the event that the reasons requiring its processing disappear and to request notification of the transaction made within this scope to third parties to whom personal data is transferred,<br \/>\nIn case of damage due to unlawful processing of personal data, to demand the compensation of the damage.<\/p>\n<p>In the application containing your explanations regarding the right you have as a personal data owner and which you will make in order to exercise your rights mentioned above and which you request to exercise; the matter you request must be clear and understandable, the subject you request must be related to your person or if you are acting on behalf of someone else, you must be specifically authorised in this regard and this authorisation must be documented, the application must contain identity and address information and documents certifying your identity must be attached to the application.<\/p>\n<p>The applications made to us will be returned in writing or electronically within 30 days at the latest from the date of receipt of your request.<\/p>\n<p><strong>V. Data Security<\/strong><\/p>\n<p>The data controller protects your personal data in full compliance with all technical and administrative security measures to be taken within the framework of information security standards and procedures. These security measures are provided at a level appropriate to possible risks, taking into account technological possibilities.<\/p>\n<p>Contact information is provided below so that you can contact <strong>Exp. Dr. Lect. Eylem Emel Ar\u0131kan(Ceren)<\/strong> regarding the issues in the information text above.<\/p>\n<p>This Information Text is an annex and an integral part of any contract you have signed with <strong>Exp. Dr. Lect. Eylem Emel Ar\u0131kan(Ceren) <\/strong>and your requests for service procurement.<\/p>\n<table>\n<tbody>\n<tr>\n<td width=\"94\">Title:<\/td>\n<td width=\"510\">Exp. Dr. Lect. Eylem Emel Ar\u0131kan(Ceren)<\/td>\n<\/tr>\n<tr>\n<td width=\"94\">Address:<\/td>\n<td width=\"510\">K\u00fc\u00e7\u00fckbakkalk\u00f6y Quarter I\u015f\u0131klar Street No: 37\/D: 3 K: 3 Room No: M302-M303 Ata\u015fehir \u0130stanbul<\/td>\n<\/tr>\n<tr>\n<td width=\"94\">Phone:<\/td>\n<td width=\"510\">+90 505 441 64 64<\/td>\n<\/tr>\n<tr>\n<td width=\"94\">E-mail:<\/td>\n<td width=\"510\"><a href=\"mailto:info@eylememelarikan.com\"><span style=\"color: #5f5f5f;\">info@eylememelarikan.com<\/span><\/a><\/td>\n<\/tr>\n<tr>\n<td width=\"94\">Website:<\/td>\n<td width=\"510\"><a href=\"http:\/\/eylememelarikan.com\/\"><span style=\"color: #5f5f5f;\">eylememelarikan.com<\/span><\/a><\/td>\n<\/tr>\n<\/tbody>\n<\/table>\n<p>[\/vc_column_text][\/vc_column][\/vc_row]<\/p>\n<\/section>","protected":false},"excerpt":{"rendered":"<p>[vc_row full_width=&#8221;stretch_row&#8221; css=&#8221;.vc_custom_1688471861692{padding-top: 20px !important;}&#8221;][vc_column][vc_column_text]Within the scope of the Constitution of the Republic of Turkey and international conventions on human rights to which our country is a party and the Law No. 6698 on the Protection of Personal Data (\u2018Law\u2019), Exp Dr. Lect. Eylem Emel Ar\u0131kan(Ceren) (\u2018Data Controller\u2019), who has the title of data controller within the scope of the&hellip;<\/p>\n","protected":false},"author":1,"featured_media":0,"parent":0,"menu_order":0,"comment_status":"closed","ping_status":"closed","template":"","meta":{"footnotes":""},"class_list":["post-1827","page","type-page","status-publish","hentry"],"_links":{"self":[{"href":"https:\/\/eylememelarikan.com\/en\/wp-json\/wp\/v2\/pages\/1827","targetHints":{"allow":["GET"]}}],"collection":[{"href":"https:\/\/eylememelarikan.com\/en\/wp-json\/wp\/v2\/pages"}],"about":[{"href":"https:\/\/eylememelarikan.com\/en\/wp-json\/wp\/v2\/types\/page"}],"author":[{"embeddable":true,"href":"https:\/\/eylememelarikan.com\/en\/wp-json\/wp\/v2\/users\/1"}],"replies":[{"embeddable":true,"href":"https:\/\/eylememelarikan.com\/en\/wp-json\/wp\/v2\/comments?post=1827"}],"version-history":[{"count":2,"href":"https:\/\/eylememelarikan.com\/en\/wp-json\/wp\/v2\/pages\/1827\/revisions"}],"predecessor-version":[{"id":1984,"href":"https:\/\/eylememelarikan.com\/en\/wp-json\/wp\/v2\/pages\/1827\/revisions\/1984"}],"wp:attachment":[{"href":"https:\/\/eylememelarikan.com\/en\/wp-json\/wp\/v2\/media?parent=1827"}],"curies":[{"name":"wp","href":"https:\/\/api.w.org\/{rel}","templated":true}]}}