{"id":1814,"date":"2016-10-20T07:41:01","date_gmt":"2016-10-20T04:41:01","guid":{"rendered":"https:\/\/eylememelarikan.com\/iletisim\/"},"modified":"2024-05-17T17:32:04","modified_gmt":"2024-05-17T14:32:04","slug":"contact","status":"publish","type":"page","link":"https:\/\/eylememelarikan.com\/en\/contact\/","title":{"rendered":"Contact"},"content":{"rendered":"<section class=\"wpb-content-wrapper\"><p>[vc_row full_width=&#8221;stretch_row_content_no_spaces&#8221;][vc_column]<div id=\"sc_googlemap_571641221_wrap\" class=\"sc_googlemap_wrap\"><div id=\"sc_googlemap_571641221\"\n\t\t\tclass=\"sc_googlemap sc_googlemap_default cf\"\n\t\t\t style=\"width:100%;height:800px;\"\t\t\tdata-zoom=\"12\"\n\t\t\tdata-style=\"greyscale\"\n    ><iframe\n                src=\"https:\/\/maps.google.com\/maps?t=m&output=embed&iwloc=near&z=12&q=Uzm.+Dr.+Eylem+Emel+Ar%C4%B1kan\"\n                scrolling=\"no\"\n                marginheight=\"0\"\n                marginwidth=\"0\"\n                frameborder=\"0\"\n                aria-label=\"\"><\/iframe><\/div><div class=\"sc_googlemap_content sc_googlemap_content_default\"><div class=\"wpcf7 no-js\" id=\"wpcf7-f1990-o1\" lang=\"en-US\" dir=\"ltr\">\n<div class=\"screen-reader-response\"><p role=\"status\" aria-live=\"polite\" aria-atomic=\"true\"><\/p> <ul><\/ul><\/div>\n<form action=\"\/en\/wp-json\/wp\/v2\/pages\/1814#wpcf7-f1990-o1\" method=\"post\" class=\"wpcf7-form init\" aria-label=\"Contact form\" novalidate=\"novalidate\" data-status=\"init\">\n<div style=\"display: none;\">\n<input type=\"hidden\" name=\"_wpcf7\" value=\"1990\" \/>\n<input type=\"hidden\" name=\"_wpcf7_version\" value=\"5.9.3\" \/>\n<input type=\"hidden\" name=\"_wpcf7_locale\" value=\"en_US\" \/>\n<input type=\"hidden\" name=\"_wpcf7_unit_tag\" value=\"wpcf7-f1990-o1\" \/>\n<input type=\"hidden\" name=\"_wpcf7_container_post\" value=\"0\" \/>\n<input type=\"hidden\" name=\"_wpcf7_posted_data_hash\" value=\"\" \/>\n<\/div>\n<div class=\"flex\">\n\t<div class='itm row' >\n\t\t<p><span class=\"wpcf7-form-control-wrap\" data-name=\"your-name\"><input size=\"40\" class=\"wpcf7-form-control wpcf7-text wpcf7-validates-as-required\" aria-required=\"true\" aria-invalid=\"false\" placeholder=\"Name Surname*\" value=\"\" type=\"text\" name=\"your-name\" \/><\/span>\n\t\t<\/p>\n\t<\/div>\n\t<div class='itm row'>\n\t\t<p><span class=\"wpcf7-form-control-wrap\" data-name=\"your-email\"><input size=\"40\" class=\"wpcf7-form-control wpcf7-text wpcf7-validates-as-required\" aria-required=\"true\" aria-invalid=\"false\" placeholder=\"E-mail*\" value=\"\" type=\"text\" name=\"your-email\" \/><\/span>\n\t\t<\/p>\n\t<\/div>\n<\/div>\n<div class='itm row'>\n\t<p><span class=\"wpcf7-form-control-wrap\" data-name=\"your-tel\"><input size=\"40\" class=\"wpcf7-form-control wpcf7-text wpcf7-validates-as-required\" aria-required=\"true\" aria-invalid=\"false\" placeholder=\"Telephone*\" value=\"\" type=\"text\" name=\"your-tel\" \/><\/span>\n\t<\/p>\n<\/div>\n<div class=''>\n\t<p><span class=\"wpcf7-form-control-wrap\" data-name=\"your-message\"><textarea cols=\"40\" rows=\"10\" class=\"wpcf7-form-control wpcf7-textarea wpcf7-validates-as-required\" aria-required=\"true\" aria-invalid=\"false\" placeholder=\"Your message*\" name=\"your-message\"><\/textarea><\/span>\n\t<\/p>\n<\/div>\n<p><span class=\"wpcf7-form-control-wrap\" data-name=\"acceptance-157\"><span class=\"wpcf7-form-control wpcf7-acceptance\"><span class=\"wpcf7-list-item\"><label><input type=\"checkbox\" name=\"acceptance-157\" value=\"1\" aria-invalid=\"false\" \/><span class=\"wpcf7-list-item-label\">I have read the <a href=\"http:\/\/eylememelarikan.com\/en\/kvkk\/\" style=\"color: #f00;\">Personal Data Protection Law<\/a> and I approve it.<\/span><\/label><\/span><\/span><\/span>\n<\/p>\n<div class=\"sc_form_field sc_form_field_button sc_form_field_submit\">\n\t<p><input class=\"wpcf7-form-control wpcf7-submit has-spinner\" type=\"submit\" value=\"Send\" \/>\n\t<\/p>\n<\/div><p style=\"display: none !important;\" class=\"akismet-fields-container\" data-prefix=\"_wpcf7_ak_\"><label>&#916;<textarea name=\"_wpcf7_ak_hp_textarea\" cols=\"45\" rows=\"8\" maxlength=\"100\"><\/textarea><\/label><input type=\"hidden\" id=\"ak_js_1\" name=\"_wpcf7_ak_js\" value=\"195\"\/><script>document.getElementById( \"ak_js_1\" ).setAttribute( \"value\", ( new Date() ).getTime() );<\/script><\/p><div class=\"wpcf7-response-output\" aria-hidden=\"true\"><\/div>\n<\/form>\n<\/div><\/div><\/div><!-- \/.sc_googlemap_wrap -->[\/vc_column][\/vc_row][vc_row css=&#8221;.vc_custom_1477319926810{margin-top: 6rem !important;margin-bottom: 6rem !important;}&#8221; el_class=&#8221;contacts_info&#8221;][vc_column width=&#8221;1\/3&#8243;][vc_column_text]<\/p>\n<h5 class=\"trx_addons_no_margins\">ADDRESS<\/h5>\n<p>K\u00fc\u00e7\u00fckbakkalk\u00f6y Quarter I\u015f\u0131klar Street No: 37\/D: 3 K: 3 Room No: M302-M303 ATA\u015eEH\u0130R[\/vc_column_text][\/vc_column][vc_column width=&#8221;1\/3&#8243;][vc_column_text]<\/p>\n<h5 class=\"trx_addons_no_margins\">PHONE<\/h5>\n<p><a href=\"tel:+902162277272\">+90 216 227 72 72<\/a><br \/>\n<a href=\"tel:+905054416464\">+90 505 441 64 64<\/a>[\/vc_column_text][\/vc_column][vc_column width=&#8221;1\/3&#8243;][vc_column_text]<\/p>\n<h5 class=\"trx_addons_no_margins\">e-mail<\/h5>\n<p><a href=\"mailto:info@eylememelarikan.com\">info@eylememelarikan.com<\/a>[\/vc_column_text][\/vc_column][\/vc_row]<\/p>\n<\/section>","protected":false},"excerpt":{"rendered":"<p>[vc_row full_width=&#8221;stretch_row_content_no_spaces&#8221;][vc_column][\/vc_column][\/vc_row][vc_row css=&#8221;.vc_custom_1477319926810{margin-top: 6rem !important;margin-bottom: 6rem !important;}&#8221; el_class=&#8221;contacts_info&#8221;][vc_column width=&#8221;1\/3&#8243;][vc_column_text] ADDRESS K\u00fc\u00e7\u00fckbakkalk\u00f6y Quarter I\u015f\u0131klar Street No: 37\/D: 3 K: 3 Room No: M302-M303 ATA\u015eEH\u0130R[\/vc_column_text][\/vc_column][vc_column width=&#8221;1\/3&#8243;][vc_column_text] PHONE +90 216 227 72 72 +90 505 441 64 64[\/vc_column_text][\/vc_column][vc_column width=&#8221;1\/3&#8243;][vc_column_text] e-mail info@eylememelarikan.com[\/vc_column_text][\/vc_column][\/vc_row]<\/p>\n","protected":false},"author":1,"featured_media":0,"parent":0,"menu_order":0,"comment_status":"closed","ping_status":"closed","template":"","meta":{"footnotes":""},"class_list":["post-1814","page","type-page","status-publish","hentry"],"_links":{"self":[{"href":"https:\/\/eylememelarikan.com\/en\/wp-json\/wp\/v2\/pages\/1814","targetHints":{"allow":["GET"]}}],"collection":[{"href":"https:\/\/eylememelarikan.com\/en\/wp-json\/wp\/v2\/pages"}],"about":[{"href":"https:\/\/eylememelarikan.com\/en\/wp-json\/wp\/v2\/types\/page"}],"author":[{"embeddable":true,"href":"https:\/\/eylememelarikan.com\/en\/wp-json\/wp\/v2\/users\/1"}],"replies":[{"embeddable":true,"href":"https:\/\/eylememelarikan.com\/en\/wp-json\/wp\/v2\/comments?post=1814"}],"version-history":[{"count":6,"href":"https:\/\/eylememelarikan.com\/en\/wp-json\/wp\/v2\/pages\/1814\/revisions"}],"predecessor-version":[{"id":1992,"href":"https:\/\/eylememelarikan.com\/en\/wp-json\/wp\/v2\/pages\/1814\/revisions\/1992"}],"wp:attachment":[{"href":"https:\/\/eylememelarikan.com\/en\/wp-json\/wp\/v2\/media?parent=1814"}],"curies":[{"name":"wp","href":"https:\/\/api.w.org\/{rel}","templated":true}]}}