{"id":1806,"date":"2016-10-20T08:09:51","date_gmt":"2016-10-20T05:09:51","guid":{"rendered":"https:\/\/eylememelarikan.com\/sdfdsf\/"},"modified":"2024-05-10T13:29:46","modified_gmt":"2024-05-10T10:29:46","slug":"about-me","status":"publish","type":"page","link":"https:\/\/eylememelarikan.com\/en\/about-me\/","title":{"rendered":"About Me"},"content":{"rendered":"<section class=\"wpb-content-wrapper\"><p>[vc_row full_width=&#8221;stretch_row&#8221;][vc_column]<div  id=\"sc_promo_208309469\" \r\n\tclass=\"sc_promo sc_promo_default sc_promo_size_normal sc_promo_image_position_left\"><div class=\"sc_promo_image\" style=\"background-image:url(https:\/\/eylememelarikan.com\/wp-content\/uploads\/2023\/05\/HAK.jpg);width:40%;left: 0;\"><\/div><div class=\"sc_promo_text trx_addons_stretch_height\" style=\"width: 60%;float: right;\">\r\n\t\t\t<div class=\"sc_promo_text_inner\" style=\"\"><div class=\"sc_promo_content sc_item_content\">[vc_column_text]<\/p>\n<h5 class=\"p1\"><strong>WHO AM I, SPECIALIST DR. Eylem Emel ARIKAN (CEREN)?<\/strong><\/h5>\n<p class=\"p1\">I graduated from Istanbul University Istanbul Faculty of Medicine in 2004. In 2005, I started my career as a Dermatology assistant at Istanbul \u015ei\u015fli Etfal Training and Research Hospital Dermatology Clinic. I received the title of Specialist Doctor in 2010. I completed my compulsory service as a Dermatology Specialist at Kahramanmara\u015f Yeni\u015fehir State Hospital, Elbistan State Hospital, Kocaeli Derince Training and Research Hospital. After my 9-year public service at Fatih Sultan Mehmet Training and Research Hospital, at Bah\u00e7e\u015fehir University Medicalpark G\u00f6ztepe Hospital Complex; I started working as a Doctor Lecturer. As of January 2023, I have been providing services in my own clinic in Ata\u015fehir.<\/p>\n<p class=\"p1\">From the first day I stepped into dermatology, the special language of my branch, its clinical perspective, its puzzle-like dynamism, and the opportunity to work in a versatile way have always attracted my attention. I&#8217;m still amazed at how many functions skin has by nature.<\/p>\n<p class=\"p1\">The points where I have improved myself the most lately are; How can we have healthy skin, how can we support our skin without damaging our natural appearance as we age, without alienating ourselves in the mirror, and how can we make this situation sustainable. In this process, you; I invite you to be the beauty of your age, which is not synonymous with youth.<\/p>\n<p class=\"p1\">Aging cannot be prevented, but aging healthily is within our hands..<\/p>\n<p>[\/vc_column_text]<\/div><\/div>\r\n\t\t<\/div><!-- \/.sc_promo_text --><\/div><!-- \/.sc_promo -->[\/vc_column][\/vc_row][vc_row][vc_column][vc_video link=&#8221;https:\/\/youtu.be\/R6qU2J2HJBg&#8221; title=&#8221;Who is Eylem Emel ARIKAN (CEREN)?&#8221;][\/vc_column][\/vc_row]<\/p>\n<\/section>","protected":false},"excerpt":{"rendered":"<p>[vc_row full_width=&#8221;stretch_row&#8221;][vc_column][\/vc_column][\/vc_row][vc_row][vc_column][vc_video link=&#8221;https:\/\/youtu.be\/R6qU2J2HJBg&#8221; title=&#8221;Who is Eylem Emel ARIKAN (CEREN)?&#8221;][\/vc_column][\/vc_row]<\/p>\n","protected":false},"author":1,"featured_media":0,"parent":0,"menu_order":0,"comment_status":"closed","ping_status":"closed","template":"","meta":{"footnotes":""},"class_list":["post-1806","page","type-page","status-publish","hentry"],"_links":{"self":[{"href":"https:\/\/eylememelarikan.com\/en\/wp-json\/wp\/v2\/pages\/1806","targetHints":{"allow":["GET"]}}],"collection":[{"href":"https:\/\/eylememelarikan.com\/en\/wp-json\/wp\/v2\/pages"}],"about":[{"href":"https:\/\/eylememelarikan.com\/en\/wp-json\/wp\/v2\/types\/page"}],"author":[{"embeddable":true,"href":"https:\/\/eylememelarikan.com\/en\/wp-json\/wp\/v2\/users\/1"}],"replies":[{"embeddable":true,"href":"https:\/\/eylememelarikan.com\/en\/wp-json\/wp\/v2\/comments?post=1806"}],"version-history":[{"count":11,"href":"https:\/\/eylememelarikan.com\/en\/wp-json\/wp\/v2\/pages\/1806\/revisions"}],"predecessor-version":[{"id":1946,"href":"https:\/\/eylememelarikan.com\/en\/wp-json\/wp\/v2\/pages\/1806\/revisions\/1946"}],"wp:attachment":[{"href":"https:\/\/eylememelarikan.com\/en\/wp-json\/wp\/v2\/media?parent=1806"}],"curies":[{"name":"wp","href":"https:\/\/api.w.org\/{rel}","templated":true}]}}